{"id":4907,"date":"2026-02-23T12:14:53","date_gmt":"2026-02-23T10:14:53","guid":{"rendered":"https:\/\/snowbike.com\/?page_id=4907"},"modified":"2026-02-23T13:07:52","modified_gmt":"2026-02-23T11:07:52","slug":"erklarung-zur-barrierefreiheit","status":"publish","type":"page","link":"https:\/\/snowbike.com\/en\/erklarung-zur-barrierefreiheit\/","title":{"rendered":"Erkl\u00e4rung zur Barrierefreiheit"},"content":{"rendered":"\n<p>Die <strong>Brenter GmbH<\/strong> ist bem\u00fcht, ihre Online-Angebot im Einklang mit dem Bundesgesetz \u00fcber den barrierefreien Zugang zu Websites und mobilen Anwendungen des Bundes (<a href=\"https:\/\/www.digitalbarrierefrei.at\/de\/glossar\/web-zugaenglichkeits-gesetz\">Web-Zug\u00e4nglichkeits-Gesetz<\/a>&nbsp;\u2013&nbsp;<a href=\"https:\/\/www.digitalbarrierefrei.at\/de\/glossar\/web-zugaenglichkeits-gesetz\">WZG<\/a>) BGBl. I. Nr. 59\/2019 idgF, barrierefrei zug\u00e4nglich zu machen.<\/p>\n\n\n\n<p>Diese Erkl\u00e4rung zur Barrierefreiheit gilt f\u00fcr:<br>Unsere Website: <a href=\"http:\/\/snowbike.com\" data-type=\"link\" data-id=\"snowbike.com\">snowbike.com<\/a><\/p>\n\n\n\n<h3 class=\"wp-block-heading\">Stand der Vereinbarkeit mit den Anforderungen<\/h3>\n\n\n\n<p>Diese Website wegen der folgenden <em>Unvereinbarkeiten<\/em> <em>und\/oder<\/em> <em>Ausnahmen<\/em> teilweise mit der Konformit\u00e4tsstufe AA der \u201eRichtlinien f\u00fcr barrierefreie Webinhalte \u2013&nbsp;<a href=\"https:\/\/www.digitalbarrierefrei.at\/de\/glossar\/web-content-accessibility-guidelines\">WCAG<\/a>&nbsp;2.1\u201c beziehungsweise mit dem geltenden Europ\u00e4ischen Standard EN 301 549 V3.2.1 (2021-03) nach der Richtlinie (EU) 2016\/2102 des Europ\u00e4ischen Parlaments und des Rates vereinbar.<\/p>\n\n\n\n<h3 class=\"wp-block-heading\">Nicht barrierefreie Inhalte<\/h3>\n\n\n\n<p>Die nachstehend aufgef\u00fchrten Inhalte sind aus den folgenden Gr\u00fcnden nicht barrierefrei:<\/p>\n\n\n\n<h4 class=\"wp-block-heading\">a. Unvereinbarkeit mit den Barrierefreiheitsbestimmungen<\/h4>\n\n\n\n<ul class=\"wp-block-list\">\n<li><strong>Bilder und Grafiken:<\/strong> Bei einigen \u00e4lteren Bildern auf unseren Unterseiten fehlen derzeit noch alternative Textbeschreibungen. Dies f\u00fchrt dazu, dass Screenreader-Nutzer:innen diese Bildinhalte nicht erfassen k\u00f6nnen. Wir arbeiten daran, die Alternativtexte sukzessive nachzupflegen.<\/li>\n\n\n\n<li><strong>Farbkontraste:<\/strong> Einige wenige interaktive Elemente (wie z. B. bestimmte Buttons im Webshop-Bereich) weisen aktuell einen zu geringen Farbkontrast zum Hintergrund auf. Dies erschwert die Wahrnehmung f\u00fcr Menschen mit Sehschw\u00e4che. Ein Redesign dieser Buttons ist f\u00fcr das n\u00e4chste Website-Update geplant.<\/li>\n<\/ul>\n\n\n\n<h4 class=\"wp-block-heading\">b. Unverh\u00e4ltnism\u00e4\u00dfige Belastung<\/h4>\n\n\n\n<ul class=\"wp-block-list\">\n<li><strong>\u00c4ltere PDF-Dokumente:<\/strong> Bedienungsanleitungen und Datenbl\u00e4tter zu \u00e4lteren Snowbike-Modellen, sind nicht vollst\u00e4ndig barrierefrei (z. B. fehlende Tags). Da diese Modelle nicht mehr aktiv beworben werden, w\u00fcrde eine nachtr\u00e4gliche barrierefreie Aufbereitung aller alten Dokumente eine unverh\u00e4ltnism\u00e4\u00dfige Belastung nach Artikel 5 der Richtlinie (EU) 2016\/2102 darstellen. Sollten Sie ein bestimmtes altes Dokument in einem barrierefreien Format ben\u00f6tigen, kontaktieren Sie uns bitte direkt.<\/li>\n<\/ul>\n\n\n\n<h4 class=\"wp-block-heading\">c. Die Inhalte fallen nicht in den Anwendungsbereich der anwendbaren Rechtsvorschriften\u200b\u200b\u200b\u200b<\/h4>\n\n\n\n<ul class=\"wp-block-list\">\n<li><strong>Eingebundene Karten:<\/strong> Die Landkarte zur H\u00e4ndlersuche (H\u00e4ndler-Locator) nutzt einen externen Kartendienst (Drittanbieter). Solche eingebundenen Karten sind von der Richtlinie (EU) 2016\/2102 ausgenommen. Alternativ bieten wir die Kontaktinformationen unserer H\u00e4ndler auch in strukturierter Textform unterhalb der Karte an.<\/li>\n<\/ul>\n\n\n\n<h3 class=\"wp-block-heading\">Erstellung der Erkl\u00e4rung zur Barrierefreiheit<\/h3>\n\n\n\n<p>Diese Erkl\u00e4rung wurde zuletzt 23.Februar 2026 aktualisiert.<\/p>\n\n\n\n<p>Die Erkl\u00e4rung wurde auf Grundlage einer von der Brenter GmbH durchgef\u00fchrten Selbstbewertung erstellt.<\/p>\n\n\n\n<p>Diese Erkl\u00e4rung wurde zuletzt am 23. Februar 2026 \u00fcberpr\u00fcft.<\/p>\n\n\n\n<h3 class=\"wp-block-heading\">Feedback und Kontaktangaben<\/h3>\n\n\n\n<p>Wenn Ihnen Barrieren auffallen, die Sie an der Nutzung unserer Website behindern \u2013 etwa M\u00e4ngel in Bezug auf die Einhaltung der Barrierefreiheitsanforderungen \u2013 bitten wir Sie, uns diese mitzuteilen.<\/p>\n\n\n\n<p>Bitte senden Sie Ihr Feedback sowie Anfragen zu Inhalten, die von der Richtlinie ausgenommen sind, per E-Mail an uns <a href=\"mailto:office@snowbike.com\">office@snowbike.com<\/a><\/p>\n\n\n\n<h3 class=\"wp-block-heading\">Durchsetzungsverfahren<\/h3>\n\n\n\n<p>Bei nicht zufriedenstellenden Antworten aus oben genannter Kontaktm\u00f6glichkeit k\u00f6nnen Sie sich mittels Beschwerde an die Beschwerdestelle der&nbsp;<a href=\"https:\/\/www.digitalbarrierefrei.at\/de\/glossar\/oesterreichische-forschungsfoerderungsgesellschaft-mbh-2\">\u00d6sterreichische Forschungsf\u00f6rderungsgesellschaft<\/a>&nbsp;mit beschr\u00e4nkter Haftung (<a href=\"https:\/\/www.digitalbarrierefrei.at\/de\/glossar\/oesterreichische-forschungsfoerderungsgesellschaft-mbh-2\">FFG<\/a>) wenden. Die&nbsp;<a href=\"https:\/\/www.digitalbarrierefrei.at\/de\/glossar\/oesterreichische-forschungsfoerderungsgesellschaft-mbh-2\">FFG<\/a>&nbsp;nimmt \u00fcber das&nbsp;<a href=\"https:\/\/www.digitalbarrierefrei.at\/de\/beschwerdestelle\/kontaktformular-beschwerdestelle\">Kontaktformular der Beschwerdestelle<\/a>&nbsp;Beschwerden auf elektronischem Weg entgegen.<\/p>\n\n\n\n<p>Die Beschwerden werden von der&nbsp;<a href=\"https:\/\/www.digitalbarrierefrei.at\/de\/glossar\/oesterreichische-forschungsfoerderungsgesellschaft-mbh-2\">FFG<\/a>&nbsp;dahingehend gepr\u00fcft, ob sie sich auf Verst\u00f6\u00dfe gegen die Vorgaben des Web-Zug\u00e4nglichkeits-Gesetzes, insbesondere M\u00e4ngel bei der Einhaltung der Barrierefreiheitsanforderungen, durch den Bund oder einer ihm zuordenbaren Einrichtung beziehen.<\/p>\n\n\n\n<p>Sofern die Beschwerde berechtigt ist, hat die&nbsp;<a href=\"https:\/\/www.digitalbarrierefrei.at\/de\/glossar\/oesterreichische-forschungsfoerderungsgesellschaft-mbh-2\">FFG<\/a>&nbsp;dem Bund oder den betroffenen Rechtstr\u00e4gern Handlungsempfehlungen auszusprechen und Ma\u00dfnahmen vorzuschlagen, die der Beseitigung der vorliegenden M\u00e4ngel dienen.<\/p>\n\n\n\n<p><a href=\"https:\/\/www.digitalbarrierefrei.at\/de\/beschwerde-einreichen\/informationen-zum-beschwerdeprozess\">Weitere Informationen zum Beschwerdeverfahren<\/a><\/p>\n\n\n\n<p><\/p>\n","protected":false},"excerpt":{"rendered":"<p>Die Brenter GmbH ist bem\u00fcht, ihre Online-Angebot im Einklang mit dem Bundesgesetz \u00fcber den barrierefreien Zugang zu Websites und mobilen Anwendungen des Bundes (Web-Zug\u00e4nglichkeits-Gesetz&nbsp;\u2013&nbsp;WZG) BGBl. I. Nr. 59\/2019 idgF, barrierefrei zug\u00e4nglich zu machen. Diese Erkl\u00e4rung zur Barrierefreiheit gilt f\u00fcr:Unsere Website: snowbike.com Stand der Vereinbarkeit mit den Anforderungen Diese Website wegen [&hellip;]<\/p>\n","protected":false},"author":1,"featured_media":0,"parent":0,"menu_order":0,"comment_status":"closed","ping_status":"closed","template":"","meta":{"_acf_changed":false,"_seopress_robots_primary_cat":"","_seopress_titles_title":"Erkl\u00e4rung zur Barrierefreiheit %%sep%% Brenter Snowbike","_seopress_titles_desc":"Informationen zur digitalen Barrierefreiheit auf snowbike.com. Die Brenter GMBH ist stets bem\u00fcht, ihre Website f\u00fcr alle Nutzer zug\u00e4nglich zu machen.","_seopress_robots_index":"","pgc_sgb_lightbox_settings":"","inspiro_page_layout":"narrow","inspiro_hide_title":false,"footnotes":""},"class_list":["post-4907","page","type-page","status-publish","hentry"],"acf":[],"_links":{"self":[{"href":"https:\/\/snowbike.com\/en\/wp-json\/wp\/v2\/pages\/4907","targetHints":{"allow":["GET"]}}],"collection":[{"href":"https:\/\/snowbike.com\/en\/wp-json\/wp\/v2\/pages"}],"about":[{"href":"https:\/\/snowbike.com\/en\/wp-json\/wp\/v2\/types\/page"}],"author":[{"embeddable":true,"href":"https:\/\/snowbike.com\/en\/wp-json\/wp\/v2\/users\/1"}],"replies":[{"embeddable":true,"href":"https:\/\/snowbike.com\/en\/wp-json\/wp\/v2\/comments?post=4907"}],"version-history":[{"count":2,"href":"https:\/\/snowbike.com\/en\/wp-json\/wp\/v2\/pages\/4907\/revisions"}],"predecessor-version":[{"id":4914,"href":"https:\/\/snowbike.com\/en\/wp-json\/wp\/v2\/pages\/4907\/revisions\/4914"}],"wp:attachment":[{"href":"https:\/\/snowbike.com\/en\/wp-json\/wp\/v2\/media?parent=4907"}],"curies":[{"name":"wp","href":"https:\/\/api.w.org\/{rel}","templated":true}]}}