{"id":4551,"date":"2025-11-22T09:00:44","date_gmt":"2025-11-22T07:00:44","guid":{"rendered":"https:\/\/snowbike.com\/?post_type=product&#038;p=4551"},"modified":"2026-04-07T10:02:23","modified_gmt":"2026-04-07T08:02:23","slug":"c5-skibike","status":"publish","type":"product","link":"https:\/\/snowbike.com\/de\/product\/c5-skibike\/","title":{"rendered":"C5 Skibike"},"content":{"rendered":"<div class=\"pgc-sgb-cb wp-block-pgcsimplygalleryblock-grid \" data-gallery-id=\"abc28133\"><div class=\"sgb-preloader\" id=\"pr_abc28133\">\n\t<div class=\"sgb-square\" style=\"background:#d4d4d4\"><\/div>\n\t<div class=\"sgb-square\" style=\"background:#d4d4d4\"><\/div>\n\t<div class=\"sgb-square\" style=\"background:#d4d4d4\"><\/div>\n\t<div class=\"sgb-square\" style=\"background:#d4d4d4\"><\/div><\/div><div class=\"simply-gallery-amp pgc_sgb_slider \"><noscript><div class=\"sgb-gallery\"><div class=\"sgb-item\"><video controls preload=\"none\" poster=\"https:\/\/snowbike.com\/wp-content\/uploads\/2025-11-18-C5-Ski-Bike-Cover_Play-300x300.jpg\" src=\"https:\/\/snowbike.com\/wp-content\/uploads\/2025-11-18-C5-Ski-Bike_1080p_small.mp4\"><\/video><\/div><div class=\"sgb-item\"><a href=\"https:\/\/snowbike.com\/gallery\/c5-skibike\/brenter-skibike-c5-demo-footrest\/\" target=\"_blank\"><img loading=\"lazy\" decoding=\"async\" alt=\"\" width=\"234\" height=\"300\" loading=\"lazy\" src=\"https:\/\/snowbike.com\/wp-content\/uploads\/Brenter-Skibike-C5-demo-footrest-234x300.jpg\" srcset=\"https:\/\/snowbike.com\/wp-content\/uploads\/Brenter-Skibike-C5-demo-footrest-234x300.jpg 234w,https:\/\/snowbike.com\/wp-content\/uploads\/Brenter-Skibike-C5-demo-footrest.jpg 690w\" sizes=\"auto, 250px\"\/><\/a><\/div><div class=\"sgb-item\"><a href=\"https:\/\/snowbike.com\/gallery\/c5-skibike\/brenter-skibike-c5-demo-transport\/\" target=\"_blank\"><img loading=\"lazy\" decoding=\"async\" alt=\"\" width=\"284\" height=\"300\" loading=\"lazy\" src=\"https:\/\/snowbike.com\/wp-content\/uploads\/Brenter-Skibike-C5-demo-transport-284x300.jpg\" srcset=\"https:\/\/snowbike.com\/wp-content\/uploads\/Brenter-Skibike-C5-demo-transport-284x300.jpg 284w,https:\/\/snowbike.com\/wp-content\/uploads\/Brenter-Skibike-C5-demo-transport.jpg 682w\" sizes=\"auto, 250px\"\/><\/a><\/div><\/div><\/noscript><\/div><script type=\"application\/json\" class=\"sgb-data\">{\"galleryType\":\"pgc_sgb_grid\",\"galleryId\":\"abc28133\",\"images\":[{\"id\":4888,\"title\":\"C5 Skibike - Whats New?\",\"url\":\"https:\/\/snowbike.com\/wp-content\/uploads\/2025-11-18-C5-Ski-Bike_1080p_small.mp4\",\"link\":\"https:\/\/snowbike.com\/gallery\/c5-skibike\/2025-11-18-c5-ski-bike_1080p_small\/\",\"alt\":\"\",\"description\":\"\",\"caption\":\"\",\"mime\":\"video\/mp4\",\"type\":\"video\",\"image\":{\"src\":\"https:\/\/snowbike.com\/wp-content\/uploads\/2025-11-18-C5-Ski-Bike-Cover_Play-300x300.jpg\",\"width\":300,\"height\":300},\"thumb\":{\"src\":\"https:\/\/snowbike.com\/wp-includes\/images\/media\/video.png\",\"width\":48,\"height\":64},\"width\":406,\"height\":720,\"fileLength\":\"0:34\",\"meta\":{\"artist\":false,\"album\":false,\"bitrate\":false,\"bitrate_mode\":false},\"postlink\":\"https:\/\/snowbike.com\/gallery\/c5-skibike\/2025-11-18-c5-ski-bike_1080p_small\/\"},{\"id\":4646,\"title\":\"Brenter-Skibike-C5-demo-footrest\",\"url\":\"https:\/\/snowbike.com\/wp-content\/uploads\/Brenter-Skibike-C5-demo-footrest.jpg\",\"link\":\"https:\/\/snowbike.com\/gallery\/c5-skibike\/brenter-skibike-c5-demo-footrest\/\",\"alt\":\"\",\"description\":\"\",\"caption\":\"\",\"mime\":\"image\/jpeg\",\"type\":\"image\",\"width\":690,\"height\":883,\"sizes\":{\"thumbnail\":{\"height\":150,\"width\":117,\"url\":\"https:\/\/snowbike.com\/wp-content\/uploads\/Brenter-Skibike-C5-demo-footrest-117x150.jpg\",\"orientation\":\"portrait\"},\"medium\":{\"height\":300,\"width\":234,\"url\":\"https:\/\/snowbike.com\/wp-content\/uploads\/Brenter-Skibike-C5-demo-footrest-234x300.jpg\",\"orientation\":\"portrait\"},\"full\":{\"url\":\"https:\/\/snowbike.com\/wp-content\/uploads\/Brenter-Skibike-C5-demo-footrest.jpg\",\"height\":883,\"width\":690,\"orientation\":\"portrait\"}},\"imageMeta\":{\"aperture\":\"0\",\"credit\":\"\",\"camera\":\"\",\"caption\":\"\",\"created_timestamp\":\"0\",\"copyright\":\"\",\"focal_length\":\"0\",\"iso\":\"0\",\"shutter_speed\":\"0\",\"title\":\"\",\"orientation\":\"0\",\"keywords\":[]},\"meta\":false,\"postlink\":\"https:\/\/snowbike.com\/gallery\/c5-skibike\/brenter-skibike-c5-demo-footrest\/\"},{\"id\":4647,\"title\":\"Brenter-Skibike-C5-demo-transport\",\"url\":\"https:\/\/snowbike.com\/wp-content\/uploads\/Brenter-Skibike-C5-demo-transport.jpg\",\"link\":\"https:\/\/snowbike.com\/gallery\/c5-skibike\/brenter-skibike-c5-demo-transport\/\",\"alt\":\"\",\"description\":\"\",\"caption\":\"\",\"mime\":\"image\/jpeg\",\"type\":\"image\",\"width\":682,\"height\":720,\"sizes\":{\"thumbnail\":{\"height\":150,\"width\":142,\"url\":\"https:\/\/snowbike.com\/wp-content\/uploads\/Brenter-Skibike-C5-demo-transport-142x150.jpg\",\"orientation\":\"portrait\"},\"medium\":{\"height\":300,\"width\":284,\"url\":\"https:\/\/snowbike.com\/wp-content\/uploads\/Brenter-Skibike-C5-demo-transport-284x300.jpg\",\"orientation\":\"portrait\"},\"full\":{\"url\":\"https:\/\/snowbike.com\/wp-content\/uploads\/Brenter-Skibike-C5-demo-transport.jpg\",\"height\":720,\"width\":682,\"orientation\":\"portrait\"}},\"imageMeta\":{\"aperture\":\"0\",\"credit\":\"\",\"camera\":\"\",\"caption\":\"\",\"created_timestamp\":\"0\",\"copyright\":\"\",\"focal_length\":\"0\",\"iso\":\"0\",\"shutter_speed\":\"0\",\"title\":\"\",\"orientation\":\"0\",\"keywords\":[]},\"meta\":false,\"postlink\":\"https:\/\/snowbike.com\/gallery\/c5-skibike\/brenter-skibike-c5-demo-transport\/\"}],\"contentControls\":{\"enabled\":false,\"rules\":[]},\"TrpContentRestriction\":{\"restriction_type\":\"exclude\",\"selected_languages\":[],\"panel_open\":true},\"itemsMetaDataCollection\":[]}<\/script><script>(function(){if(window.PGC_SGB && window.PGC_SGB.searcher){window.PGC_SGB.searcher.initBlocks()}})()<\/script><\/div>\n\n<\/p>\n<h2>Der perfekte Einstieg ins Skibiken<\/h2>\n<p>Das Brenter C5 \u2013 Skibike ist dein idealer Start in den Wintersport. Speziell f\u00fcr Einsteiger entwickelt, bietet das C5 ein \u00e4u\u00dferst intuitives, sicheres und spa\u00dfiges Fahrgef\u00fchl auf der Piste. Wer sich auf einem Fahrrad wohlf\u00fchlt, f\u00fchlt sich auch auf dem C5 sofort zuhause \u2013 perfekt geeignet f\u00fcr leichte bis mittlere Abfahrten (blaue und rote Pisten).<\/p>\n<h2>Entwickelt f\u00fcr maximalen Spa\u00df<\/h2>\n<ul>\n<li><strong>Optimierte Skil\u00e4nge: <\/strong>Das C5 verf\u00fcgt \u00fcber einen k\u00fcrzeren Vorder- und Hinterski als sein gro\u00dfer Bruder, das C6. Diese Konstruktion verbessert die Wendigkeit deutlich und erm\u00f6glicht einfache Schwungeinleitungen, bessere Geschwindigkeitskontrolle und m\u00fcheloses Navigieren. Mehr Kontrolle bedeutet mehr Fahrspa\u00df.<\/li>\n<li><strong>Einfacher Transport:<\/strong> Der Lenker l\u00e4sst sich im Handumdrehen abnehmen, und der Vorderski kann umgedreht und sicher am Sattel fixiert werden. So ist das C5 besonders kompakt und leicht zu transportieren.<\/li>\n<\/ul>\n<p>\n<p>&nbsp;<\/p>\n<h2>FEATURES &#8211; Easy Transport<\/h2>\n\nDu kannst dein C5 Skibike problemlos inm Sessellift, einer Gondel, einem Schlepplift oder einem Zauberteppich hinauf transportieren.\n<p><img decoding=\"async\" class=\"alignnone size-medium wp-image-636\" title=\"chairlift\" src=\"http:\/\/snowbike.com\/wp-content\/uploads\/shop\/brenter_snowbike_skibike-transport_armchair-lift-300x300.png\" alt=\"Snowbike Transport Chairlift\" width=\"20%\" srcset=\"https:\/\/snowbike.com\/wp-content\/uploads\/shop\/brenter_snowbike_skibike-transport_armchair-lift-300x300.png 300w, https:\/\/snowbike.com\/wp-content\/uploads\/shop\/brenter_snowbike_skibike-transport_armchair-lift-200x200.png 200w, https:\/\/snowbike.com\/wp-content\/uploads\/shop\/brenter_snowbike_skibike-transport_armchair-lift-150x150.png 150w, https:\/\/snowbike.com\/wp-content\/uploads\/shop\/brenter_snowbike_skibike-transport_armchair-lift-12x12.png 12w, https:\/\/snowbike.com\/wp-content\/uploads\/shop\/brenter_snowbike_skibike-transport_armchair-lift-280x280.png 280w, https:\/\/snowbike.com\/wp-content\/uploads\/shop\/brenter_snowbike_skibike-transport_armchair-lift.png 473w\" sizes=\"(max-width: 300px) 100vw, 300px\" \/><img decoding=\"async\" class=\"alignnone size-medium wp-image-635\" title=\"t-bar\" src=\"http:\/\/snowbike.com\/wp-content\/uploads\/shop\/brenter_snowbike_skibike-transport_t-bar-300x300.png\" alt=\"Snowbike Transport T-Bar\" width=\"20%\" srcset=\"https:\/\/snowbike.com\/wp-content\/uploads\/shop\/brenter_snowbike_skibike-transport_t-bar-300x300.png 300w, https:\/\/snowbike.com\/wp-content\/uploads\/shop\/brenter_snowbike_skibike-transport_t-bar-200x200.png 200w, https:\/\/snowbike.com\/wp-content\/uploads\/shop\/brenter_snowbike_skibike-transport_t-bar-150x150.png 150w, https:\/\/snowbike.com\/wp-content\/uploads\/shop\/brenter_snowbike_skibike-transport_t-bar-12x12.png 12w, https:\/\/snowbike.com\/wp-content\/uploads\/shop\/brenter_snowbike_skibike-transport_t-bar-280x280.png 280w, https:\/\/snowbike.com\/wp-content\/uploads\/shop\/brenter_snowbike_skibike-transport_t-bar.png 473w\" sizes=\"(max-width: 300px) 100vw, 300px\" \/><img decoding=\"async\" class=\"alignnone size-medium wp-image-634\" title=\"gondola\" src=\"http:\/\/snowbike.com\/wp-content\/uploads\/shop\/brenter_snowbike_skibike-transport_gondola-300x300.png\" alt=\"Snowbike Transport Gondola\" width=\"20%\" srcset=\"https:\/\/snowbike.com\/wp-content\/uploads\/shop\/brenter_snowbike_skibike-transport_gondola-300x300.png 300w, https:\/\/snowbike.com\/wp-content\/uploads\/shop\/brenter_snowbike_skibike-transport_gondola-200x200.png 200w, https:\/\/snowbike.com\/wp-content\/uploads\/shop\/brenter_snowbike_skibike-transport_gondola-150x150.png 150w, https:\/\/snowbike.com\/wp-content\/uploads\/shop\/brenter_snowbike_skibike-transport_gondola-12x12.png 12w, https:\/\/snowbike.com\/wp-content\/uploads\/shop\/brenter_snowbike_skibike-transport_gondola-280x280.png 280w, https:\/\/snowbike.com\/wp-content\/uploads\/shop\/brenter_snowbike_skibike-transport_gondola.png 473w\" sizes=\"(max-width: 300px) 100vw, 300px\" \/><img decoding=\"async\" class=\"alignnone size-medium wp-image-633\" title=\"magic carpet\" src=\"http:\/\/snowbike.com\/wp-content\/uploads\/shop\/brenter_snowbike_skibike-transport_magic-carpet-300x300.png\" alt=\"Snowbike Transport Magic Carpet\" width=\"20%\" srcset=\"https:\/\/snowbike.com\/wp-content\/uploads\/shop\/brenter_snowbike_skibike-transport_magic-carpet-300x300.png 300w, https:\/\/snowbike.com\/wp-content\/uploads\/shop\/brenter_snowbike_skibike-transport_magic-carpet-200x200.png 200w, https:\/\/snowbike.com\/wp-content\/uploads\/shop\/brenter_snowbike_skibike-transport_magic-carpet-150x150.png 150w, https:\/\/snowbike.com\/wp-content\/uploads\/shop\/brenter_snowbike_skibike-transport_magic-carpet-12x12.png 12w, https:\/\/snowbike.com\/wp-content\/uploads\/shop\/brenter_snowbike_skibike-transport_magic-carpet-280x280.png 280w, https:\/\/snowbike.com\/wp-content\/uploads\/shop\/brenter_snowbike_skibike-transport_magic-carpet.png 473w\" sizes=\"(max-width: 300px) 100vw, 300px\" \/><\/p>\n<\/p>\n<h2>FEATURES &#8211; Technische Details<\/h2>\n<p><strong>RAHMEN<\/strong>: 40MM BOW-FRAME-DESIGN, ALUMINUM, PULVER BESCHICHTET<\/p>\n<p><strong>SKI<\/strong>: 104 \/ 87 \/ 104 MM, L\u00c4NGE 75 CM<\/p>\n<p><strong>GEWICHT-BIKE<\/strong>: MIN.\u00a0 8,5kg (18,7LB)<\/p>\n<p><strong>GEWICHT-RIDER:<\/strong> Max 100KG (220LB)<\/p>\n<p><strong>FEDERUNG<\/strong>: ACTIVE SITZ FEDERUNG<\/p>\n<p><\/p>\n","protected":false},"excerpt":{"rendered":"<p>Brenter C5 \u2013 Skibike: Das ultimative Snowbike f\u00fcr Einsteiger. Entwickelt f\u00fcr maximalen Spa\u00df auf blauen und roten Pisten. Starte noch heute durch!<\/p>","protected":false},"featured_media":4552,"template":"","meta":{"_acf_changed":false,"_seopress_robots_primary_cat":"none","_seopress_titles_title":"Brenter Snowbike\u00ae - C5 Skibike","_seopress_titles_desc":"%%wc_single_short_desc%%","_seopress_robots_index":"","_seopress_analysis_target_kw":"C6H Heavy Duty,Brenter Snowbike,Wintersport,Skibob,Skibike,Snowbike kaufen,buy snowbike,ski ersatz,alternative to skiing","pgc_sgb_lightbox_settings":""},"product_brand":[],"product_cat":[44],"product_tag":[],"class_list":{"0":"post-4551","1":"product","2":"type-product","3":"status-publish","4":"has-post-thumbnail","6":"product_cat-snowbikes","8":"first","9":"instock","10":"featured","11":"taxable","12":"shipping-taxable","13":"purchasable","14":"product-type-variable","15":"has-default-attributes"},"acf":[],"_links":{"self":[{"href":"https:\/\/snowbike.com\/de\/wp-json\/wp\/v2\/product\/4551","targetHints":{"allow":["GET"]}}],"collection":[{"href":"https:\/\/snowbike.com\/de\/wp-json\/wp\/v2\/product"}],"about":[{"href":"https:\/\/snowbike.com\/de\/wp-json\/wp\/v2\/types\/product"}],"wp:featuredmedia":[{"embeddable":true,"href":"https:\/\/snowbike.com\/de\/wp-json\/wp\/v2\/media\/4552"}],"wp:attachment":[{"href":"https:\/\/snowbike.com\/de\/wp-json\/wp\/v2\/media?parent=4551"}],"wp:term":[{"taxonomy":"product_brand","embeddable":true,"href":"https:\/\/snowbike.com\/de\/wp-json\/wp\/v2\/product_brand?post=4551"},{"taxonomy":"product_cat","embeddable":true,"href":"https:\/\/snowbike.com\/de\/wp-json\/wp\/v2\/product_cat?post=4551"},{"taxonomy":"product_tag","embeddable":true,"href":"https:\/\/snowbike.com\/de\/wp-json\/wp\/v2\/product_tag?post=4551"}],"curies":[{"name":"wp","href":"https:\/\/api.w.org\/{rel}","templated":true}]}}