{"id":3321,"date":"2023-10-23T14:40:16","date_gmt":"2023-10-23T12:40:16","guid":{"rendered":"http:\/\/snowbike.com\/en\/product\/mini\/"},"modified":"2025-12-08T03:13:00","modified_gmt":"2025-12-08T01:13:00","slug":"mini","status":"publish","type":"product","link":"https:\/\/snowbike.com\/de\/product\/mini\/","title":{"rendered":"Mini"},"content":{"rendered":"<p><img decoding=\"async\" class=\"alignnone size-medium wp-image-624\" src=\"http:\/\/snowbike.com\/wp-content\/uploads\/Brenter-Snowbike-MINI-header.png\" alt=\"\" width=\"100%\" \/><\/p>\n<p>&nbsp;<\/p>\n\nDas neue MINI Snowbike\u00ae ist perfekt f\u00fcr Kinder f\u00fcr Kinder ab ca. 3 Jahren und mindestens 20 kg K\u00f6rpergewicht die noch kleiner als 130cm sind. Das perfekte Snowbike um schon ganz klein loszulegen.\n<h2>FEATURES &#8211; Easy Transport<\/h2>\n<p><img decoding=\"async\" class=\"alignnone size-medium wp-image-637\" title=\"touring\" src=\"http:\/\/snowbike.com\/wp-content\/uploads\/shop\/brenter_snowbike_skibike-transport_tour-300x300.png\" alt=\"Snowbike Transport Touring\" width=\"20%\" srcset=\"https:\/\/snowbike.com\/wp-content\/uploads\/shop\/brenter_snowbike_skibike-transport_tour-300x300.png 300w, https:\/\/snowbike.com\/wp-content\/uploads\/shop\/brenter_snowbike_skibike-transport_tour-200x200.png 200w, https:\/\/snowbike.com\/wp-content\/uploads\/shop\/brenter_snowbike_skibike-transport_tour-150x150.png 150w, https:\/\/snowbike.com\/wp-content\/uploads\/shop\/brenter_snowbike_skibike-transport_tour-12x12.png 12w, https:\/\/snowbike.com\/wp-content\/uploads\/shop\/brenter_snowbike_skibike-transport_tour-280x280.png 280w, https:\/\/snowbike.com\/wp-content\/uploads\/shop\/brenter_snowbike_skibike-transport_tour.png 473w\" sizes=\"(max-width: 300px) 100vw, 300px\" \/><img decoding=\"async\" class=\"alignnone size-medium wp-image-633\" title=\"magic carpet\" src=\"http:\/\/snowbike.com\/wp-content\/uploads\/shop\/brenter_snowbike_skibike-transport_magic-carpet-300x300.png\" alt=\"Snowbike Transport Magic Carpet\" width=\"20%\" srcset=\"https:\/\/snowbike.com\/wp-content\/uploads\/shop\/brenter_snowbike_skibike-transport_magic-carpet-300x300.png 300w, https:\/\/snowbike.com\/wp-content\/uploads\/shop\/brenter_snowbike_skibike-transport_magic-carpet-200x200.png 200w, https:\/\/snowbike.com\/wp-content\/uploads\/shop\/brenter_snowbike_skibike-transport_magic-carpet-150x150.png 150w, https:\/\/snowbike.com\/wp-content\/uploads\/shop\/brenter_snowbike_skibike-transport_magic-carpet-12x12.png 12w, https:\/\/snowbike.com\/wp-content\/uploads\/shop\/brenter_snowbike_skibike-transport_magic-carpet-280x280.png 280w, https:\/\/snowbike.com\/wp-content\/uploads\/shop\/brenter_snowbike_skibike-transport_magic-carpet.png 473w\" sizes=\"(max-width: 300px) 100vw, 300px\" \/><\/p>\n<\/p>\n<h2>FEATURES &#8211; Technische Details<\/h2>\n<p><strong>RAHMEN<\/strong>: 40MM BOW-FRAME-DESIGN, ALUMINUM, PULVER BESCHICHTET<\/p>\n<p><strong>GEWICHT<\/strong>: MIN. 9.4 LBS, 4.3 KG<\/p>\n<p><strong>Hinweis: es handelt sich um ein Sportger\u00e4t und kein Spielzeug. Bitte nur unter Aufsicht und Anleitung benutzen<\/strong><br \/>\n<\/p>","protected":false},"excerpt":{"rendered":"<p>Das original Snowbike\u00ae Balance-Bike f\u00fcr Kinder von ab 3 Jahren mit mindestens 20kg K\u00f6rpergewicht. Das perfekte Snowbike um schon ganz klein loszulegen.<\/p>","protected":false},"featured_media":3338,"template":"","meta":{"_acf_changed":false,"_seopress_robots_primary_cat":"none","_seopress_titles_title":"Brenter Snowbike\u00ae - MINI","_seopress_titles_desc":"%%wc_single_short_desc%%","_seopress_robots_index":"","pgc_sgb_lightbox_settings":""},"product_brand":[],"product_cat":[44],"product_tag":[],"class_list":{"0":"post-3321","1":"product","2":"type-product","3":"status-publish","4":"has-post-thumbnail","6":"product_cat-snowbikes","8":"first","9":"instock","10":"sold-individually","11":"taxable","12":"shipping-taxable","13":"purchasable","14":"product-type-simple"},"acf":[],"_links":{"self":[{"href":"https:\/\/snowbike.com\/de\/wp-json\/wp\/v2\/product\/3321","targetHints":{"allow":["GET"]}}],"collection":[{"href":"https:\/\/snowbike.com\/de\/wp-json\/wp\/v2\/product"}],"about":[{"href":"https:\/\/snowbike.com\/de\/wp-json\/wp\/v2\/types\/product"}],"wp:featuredmedia":[{"embeddable":true,"href":"https:\/\/snowbike.com\/de\/wp-json\/wp\/v2\/media\/3338"}],"wp:attachment":[{"href":"https:\/\/snowbike.com\/de\/wp-json\/wp\/v2\/media?parent=3321"}],"wp:term":[{"taxonomy":"product_brand","embeddable":true,"href":"https:\/\/snowbike.com\/de\/wp-json\/wp\/v2\/product_brand?post=3321"},{"taxonomy":"product_cat","embeddable":true,"href":"https:\/\/snowbike.com\/de\/wp-json\/wp\/v2\/product_cat?post=3321"},{"taxonomy":"product_tag","embeddable":true,"href":"https:\/\/snowbike.com\/de\/wp-json\/wp\/v2\/product_tag?post=3321"}],"curies":[{"name":"wp","href":"https:\/\/api.w.org\/{rel}","templated":true}]}}